{"id":4917,"date":"2021-10-31T20:14:41","date_gmt":"2021-10-31T20:14:41","guid":{"rendered":"http:\/\/sharep.io\/?page_id=4917"},"modified":"2025-09-25T10:23:54","modified_gmt":"2025-09-25T09:23:54","slug":"wie-es-funktioniert","status":"publish","type":"page","link":"https:\/\/sharep.io\/ch\/wie-es-funktioniert\/","title":{"rendered":"Wie es funktioniert"},"content":{"rendered":"","protected":false},"excerpt":{"rendered":"","protected":false},"author":1,"featured_media":0,"parent":0,"menu_order":36,"comment_status":"closed","ping_status":"closed","template":"how-it-works.php","meta":{"_acf_changed":false,"_eb_attr":"","inline_featured_image":false,"footnotes":""},"class_list":["post-4917","page","type-page","status-publish","hentry"],"acf":[],"yoast_head":"<!-- This site is optimized with the Yoast SEO plugin v26.2 - https:\/\/yoast.com\/wordpress\/plugins\/seo\/ -->\n<title>How it works - Share.P<\/title>\n<meta name=\"description\" content=\"Completely new parking and charging station management system designed and built for a post COVID working reality.\" \/>\n<meta name=\"robots\" content=\"index, follow, max-snippet:-1, max-image-preview:large, max-video-preview:-1\" \/>\n<link rel=\"canonical\" href=\"https:\/\/sharep.io\/ch\/wie-es-funktioniert\/\" \/>\n<meta property=\"og:locale\" content=\"de_DE\" \/>\n<meta property=\"og:type\" content=\"article\" \/>\n<meta property=\"og:title\" content=\"How it works - Share.P\" \/>\n<meta property=\"og:description\" content=\"Completely new parking and charging station management system designed and built for a post COVID working reality.\" \/>\n<meta property=\"og:url\" content=\"https:\/\/sharep.io\/ch\/wie-es-funktioniert\/\" \/>\n<meta property=\"og:site_name\" content=\"Share.P\" \/>\n<meta property=\"article:modified_time\" content=\"2025-09-25T09:23:54+00:00\" \/>\n<meta name=\"twitter:card\" content=\"summary_large_image\" \/>\n<script type=\"application\/ld+json\" class=\"yoast-schema-graph\">{\"@context\":\"https:\/\/schema.org\",\"@graph\":[{\"@type\":\"WebPage\",\"@id\":\"https:\/\/sharep.io\/how-it-works\/\",\"url\":\"https:\/\/sharep.io\/how-it-works\/\",\"name\":\"How it works - Share.P\",\"isPartOf\":{\"@id\":\"https:\/\/sharep.io\/#website\"},\"datePublished\":\"2021-10-31T20:14:41+00:00\",\"dateModified\":\"2025-09-25T09:23:54+00:00\",\"description\":\"Completely new parking and charging station management system designed and built for a post COVID working reality.\",\"breadcrumb\":{\"@id\":\"https:\/\/sharep.io\/how-it-works\/#breadcrumb\"},\"inLanguage\":\"de-CH\",\"potentialAction\":[{\"@type\":\"ReadAction\",\"target\":[\"https:\/\/sharep.io\/how-it-works\/\"]}]},{\"@type\":\"BreadcrumbList\",\"@id\":\"https:\/\/sharep.io\/how-it-works\/#breadcrumb\",\"itemListElement\":[{\"@type\":\"ListItem\",\"position\":1,\"name\":\"Home\",\"item\":\"https:\/\/sharep.io\/\"},{\"@type\":\"ListItem\",\"position\":2,\"name\":\"How it works\"}]},{\"@type\":\"WebSite\",\"@id\":\"https:\/\/sharep.io\/#website\",\"url\":\"https:\/\/sharep.io\/\",\"name\":\"Share.P\",\"description\":\"Sustainable Mobility Solution\",\"publisher\":{\"@id\":\"https:\/\/sharep.io\/#organization\"},\"potentialAction\":[{\"@type\":\"SearchAction\",\"target\":{\"@type\":\"EntryPoint\",\"urlTemplate\":\"https:\/\/sharep.io\/?s={search_term_string}\"},\"query-input\":{\"@type\":\"PropertyValueSpecification\",\"valueRequired\":true,\"valueName\":\"search_term_string\"}}],\"inLanguage\":\"de-CH\"},{\"@type\":\"Organization\",\"@id\":\"https:\/\/sharep.io\/#organization\",\"name\":\"Share.P\",\"url\":\"https:\/\/sharep.io\/\",\"logo\":{\"@type\":\"ImageObject\",\"inLanguage\":\"de-CH\",\"@id\":\"https:\/\/sharep.io\/#\/schema\/logo\/image\/\",\"url\":\"https:\/\/sharep.io\/wp-content\/uploads\/2026\/03\/logo-sharep-management.svg\",\"contentUrl\":\"https:\/\/sharep.io\/wp-content\/uploads\/2026\/03\/logo-sharep-management.svg\",\"width\":\"1024\",\"height\":\"1024\",\"caption\":\"Share.P\"},\"image\":{\"@id\":\"https:\/\/sharep.io\/#\/schema\/logo\/image\/\"},\"sameAs\":[\"https:\/\/www.linkedin.com\/company\/stellos\"]}]}<\/script>\n<!-- \/ Yoast SEO plugin. -->","yoast_head_json":{"title":"Wie es funktioniert - Share.P","description":"V\u00f6llig neues System zur Verwaltung von Parkpl\u00e4tzen und Ladestationen, das f\u00fcr die Zeit nach COVID entwickelt und gebaut wurde.","robots":{"index":"index","follow":"follow","max-snippet":"max-snippet:-1","max-image-preview":"max-image-preview:large","max-video-preview":"max-video-preview:-1"},"canonical":"https:\/\/sharep.io\/ch\/wie-es-funktioniert\/","og_locale":"de_DE","og_type":"article","og_title":"How it works - Share.P","og_description":"Completely new parking and charging station management system designed and built for a post COVID working reality.","og_url":"https:\/\/sharep.io\/ch\/wie-es-funktioniert\/","og_site_name":"Share.P","article_modified_time":"2025-09-25T09:23:54+00:00","twitter_card":"summary_large_image","schema":{"@context":"https:\/\/schema.org","@graph":[{"@type":"WebPage","@id":"https:\/\/sharep.io\/how-it-works\/","url":"https:\/\/sharep.io\/how-it-works\/","name":"Wie es funktioniert - Share.P","isPartOf":{"@id":"https:\/\/sharep.io\/#website"},"datePublished":"2021-10-31T20:14:41+00:00","dateModified":"2025-09-25T09:23:54+00:00","description":"V\u00f6llig neues System zur Verwaltung von Parkpl\u00e4tzen und Ladestationen, das f\u00fcr die Zeit nach COVID entwickelt und gebaut wurde.","breadcrumb":{"@id":"https:\/\/sharep.io\/how-it-works\/#breadcrumb"},"inLanguage":"de-CH","potentialAction":[{"@type":"ReadAction","target":["https:\/\/sharep.io\/how-it-works\/"]}]},{"@type":"BreadcrumbList","@id":"https:\/\/sharep.io\/how-it-works\/#breadcrumb","itemListElement":[{"@type":"ListItem","position":1,"name":"Home","item":"https:\/\/sharep.io\/"},{"@type":"ListItem","position":2,"name":"How it works"}]},{"@type":"WebSite","@id":"https:\/\/sharep.io\/#website","url":"https:\/\/sharep.io\/","name":"Share.P","description":"Nachhaltige Mobilit\u00e4tsl\u00f6sung","publisher":{"@id":"https:\/\/sharep.io\/#organization"},"potentialAction":[{"@type":"SearchAction","target":{"@type":"EntryPoint","urlTemplate":"https:\/\/sharep.io\/?s={search_term_string}"},"query-input":{"@type":"PropertyValueSpecification","valueRequired":true,"valueName":"search_term_string"}}],"inLanguage":"de-CH"},{"@type":"Organization","@id":"https:\/\/sharep.io\/#organization","name":"Share.P","url":"https:\/\/sharep.io\/","logo":{"@type":"ImageObject","inLanguage":"de-CH","@id":"https:\/\/sharep.io\/#\/schema\/logo\/image\/","url":"https:\/\/sharep.io\/wp-content\/uploads\/2026\/03\/logo-sharep-management.svg","contentUrl":"https:\/\/sharep.io\/wp-content\/uploads\/2026\/03\/logo-sharep-management.svg","width":"1024","height":"1024","caption":"Share.P"},"image":{"@id":"https:\/\/sharep.io\/#\/schema\/logo\/image\/"},"sameAs":["https:\/\/www.linkedin.com\/company\/stellos"]}]}},"_links":{"self":[{"href":"https:\/\/sharep.io\/ch\/wp-json\/wp\/v2\/pages\/4917","targetHints":{"allow":["GET"]}}],"collection":[{"href":"https:\/\/sharep.io\/ch\/wp-json\/wp\/v2\/pages"}],"about":[{"href":"https:\/\/sharep.io\/ch\/wp-json\/wp\/v2\/types\/page"}],"author":[{"embeddable":true,"href":"https:\/\/sharep.io\/ch\/wp-json\/wp\/v2\/users\/1"}],"replies":[{"embeddable":true,"href":"https:\/\/sharep.io\/ch\/wp-json\/wp\/v2\/comments?post=4917"}],"version-history":[{"count":46,"href":"https:\/\/sharep.io\/ch\/wp-json\/wp\/v2\/pages\/4917\/revisions"}],"predecessor-version":[{"id":24098,"href":"https:\/\/sharep.io\/ch\/wp-json\/wp\/v2\/pages\/4917\/revisions\/24098"}],"wp:attachment":[{"href":"https:\/\/sharep.io\/ch\/wp-json\/wp\/v2\/media?parent=4917"}],"curies":[{"name":"wp","href":"https:\/\/api.w.org\/{rel}","templated":true}]}}