{"id":402,"date":"2021-01-14T11:34:49","date_gmt":"2021-01-14T11:34:49","guid":{"rendered":"http:\/\/sharep.io\/?page_id=402"},"modified":"2021-04-30T07:13:41","modified_gmt":"2021-04-30T06:13:41","slug":"dla-klimatu","status":"publish","type":"page","link":"https:\/\/sharep.io\/pl\/dla-klimatu\/","title":{"rendered":"DLA KLIMATU"},"content":{"rendered":"","protected":false},"excerpt":{"rendered":"","protected":false},"author":1,"featured_media":0,"parent":0,"menu_order":53,"comment_status":"closed","ping_status":"closed","template":"for-the-climate.php","meta":{"_acf_changed":false,"_eb_attr":"","inline_featured_image":false,"footnotes":""},"class_list":["post-402","page","type-page","status-publish","hentry"],"acf":[],"yoast_head":"<!-- This site is optimized with the Yoast SEO plugin v26.2 - https:\/\/yoast.com\/wordpress\/plugins\/seo\/ -->\n<title>FOR THE CLIMATE - Share.P<\/title>\n<meta name=\"robots\" content=\"index, follow, max-snippet:-1, max-image-preview:large, max-video-preview:-1\" \/>\n<link rel=\"canonical\" href=\"https:\/\/sharep.io\/pl\/dla-klimatu\/\" \/>\n<meta property=\"og:locale\" content=\"pl_PL\" \/>\n<meta property=\"og:type\" content=\"article\" \/>\n<meta property=\"og:title\" content=\"FOR THE CLIMATE - Share.P\" \/>\n<meta property=\"og:url\" content=\"https:\/\/sharep.io\/pl\/dla-klimatu\/\" \/>\n<meta property=\"og:site_name\" content=\"Share.P\" \/>\n<meta property=\"article:modified_time\" content=\"2021-04-30T06:13:41+00:00\" \/>\n<meta name=\"twitter:card\" content=\"summary_large_image\" \/>\n<script type=\"application\/ld+json\" class=\"yoast-schema-graph\">{\"@context\":\"https:\/\/schema.org\",\"@graph\":[{\"@type\":\"WebPage\",\"@id\":\"https:\/\/sharep.io\/for-the-climate\/\",\"url\":\"https:\/\/sharep.io\/for-the-climate\/\",\"name\":\"FOR THE CLIMATE - Share.P\",\"isPartOf\":{\"@id\":\"https:\/\/sharep.io\/#website\"},\"datePublished\":\"2021-01-14T11:34:49+00:00\",\"dateModified\":\"2021-04-30T06:13:41+00:00\",\"breadcrumb\":{\"@id\":\"https:\/\/sharep.io\/for-the-climate\/#breadcrumb\"},\"inLanguage\":\"pl-PL\",\"potentialAction\":[{\"@type\":\"ReadAction\",\"target\":[\"https:\/\/sharep.io\/for-the-climate\/\"]}]},{\"@type\":\"BreadcrumbList\",\"@id\":\"https:\/\/sharep.io\/for-the-climate\/#breadcrumb\",\"itemListElement\":[{\"@type\":\"ListItem\",\"position\":1,\"name\":\"Home\",\"item\":\"https:\/\/sharep.io\/\"},{\"@type\":\"ListItem\",\"position\":2,\"name\":\"FOR THE CLIMATE\"}]},{\"@type\":\"WebSite\",\"@id\":\"https:\/\/sharep.io\/#website\",\"url\":\"https:\/\/sharep.io\/\",\"name\":\"Share.P\",\"description\":\"Sustainable Mobility Solution\",\"publisher\":{\"@id\":\"https:\/\/sharep.io\/#organization\"},\"potentialAction\":[{\"@type\":\"SearchAction\",\"target\":{\"@type\":\"EntryPoint\",\"urlTemplate\":\"https:\/\/sharep.io\/?s={search_term_string}\"},\"query-input\":{\"@type\":\"PropertyValueSpecification\",\"valueRequired\":true,\"valueName\":\"search_term_string\"}}],\"inLanguage\":\"pl-PL\"},{\"@type\":\"Organization\",\"@id\":\"https:\/\/sharep.io\/#organization\",\"name\":\"Share.P\",\"url\":\"https:\/\/sharep.io\/\",\"logo\":{\"@type\":\"ImageObject\",\"inLanguage\":\"pl-PL\",\"@id\":\"https:\/\/sharep.io\/#\/schema\/logo\/image\/\",\"url\":\"https:\/\/sharep.io\/wp-content\/uploads\/2026\/03\/logo-sharep-management.svg\",\"contentUrl\":\"https:\/\/sharep.io\/wp-content\/uploads\/2026\/03\/logo-sharep-management.svg\",\"width\":\"1024\",\"height\":\"1024\",\"caption\":\"Share.P\"},\"image\":{\"@id\":\"https:\/\/sharep.io\/#\/schema\/logo\/image\/\"},\"sameAs\":[\"https:\/\/www.linkedin.com\/company\/stellos\"]}]}<\/script>\n<!-- \/ Yoast SEO plugin. -->","yoast_head_json":{"title":"DLA KLIMATU - Share.P","robots":{"index":"index","follow":"follow","max-snippet":"max-snippet:-1","max-image-preview":"max-image-preview:large","max-video-preview":"max-video-preview:-1"},"canonical":"https:\/\/sharep.io\/pl\/dla-klimatu\/","og_locale":"pl_PL","og_type":"article","og_title":"FOR THE CLIMATE - Share.P","og_url":"https:\/\/sharep.io\/pl\/dla-klimatu\/","og_site_name":"Share.P","article_modified_time":"2021-04-30T06:13:41+00:00","twitter_card":"summary_large_image","schema":{"@context":"https:\/\/schema.org","@graph":[{"@type":"WebPage","@id":"https:\/\/sharep.io\/for-the-climate\/","url":"https:\/\/sharep.io\/for-the-climate\/","name":"DLA KLIMATU - Share.P","isPartOf":{"@id":"https:\/\/sharep.io\/#website"},"datePublished":"2021-01-14T11:34:49+00:00","dateModified":"2021-04-30T06:13:41+00:00","breadcrumb":{"@id":"https:\/\/sharep.io\/for-the-climate\/#breadcrumb"},"inLanguage":"pl-PL","potentialAction":[{"@type":"ReadAction","target":["https:\/\/sharep.io\/for-the-climate\/"]}]},{"@type":"BreadcrumbList","@id":"https:\/\/sharep.io\/for-the-climate\/#breadcrumb","itemListElement":[{"@type":"ListItem","position":1,"name":"Home","item":"https:\/\/sharep.io\/"},{"@type":"ListItem","position":2,"name":"FOR THE CLIMATE"}]},{"@type":"WebSite","@id":"https:\/\/sharep.io\/#website","url":"https:\/\/sharep.io\/","name":"Share.P","description":"Zr\u00f3wnowa\u017cone rozwi\u0105zania w zakresie mobilno\u015bci","publisher":{"@id":"https:\/\/sharep.io\/#organization"},"potentialAction":[{"@type":"SearchAction","target":{"@type":"EntryPoint","urlTemplate":"https:\/\/sharep.io\/?s={search_term_string}"},"query-input":{"@type":"PropertyValueSpecification","valueRequired":true,"valueName":"search_term_string"}}],"inLanguage":"pl-PL"},{"@type":"Organization","@id":"https:\/\/sharep.io\/#organization","name":"Share.P","url":"https:\/\/sharep.io\/","logo":{"@type":"ImageObject","inLanguage":"pl-PL","@id":"https:\/\/sharep.io\/#\/schema\/logo\/image\/","url":"https:\/\/sharep.io\/wp-content\/uploads\/2026\/03\/logo-sharep-management.svg","contentUrl":"https:\/\/sharep.io\/wp-content\/uploads\/2026\/03\/logo-sharep-management.svg","width":"1024","height":"1024","caption":"Share.P"},"image":{"@id":"https:\/\/sharep.io\/#\/schema\/logo\/image\/"},"sameAs":["https:\/\/www.linkedin.com\/company\/stellos"]}]}},"_links":{"self":[{"href":"https:\/\/sharep.io\/pl\/wp-json\/wp\/v2\/pages\/402","targetHints":{"allow":["GET"]}}],"collection":[{"href":"https:\/\/sharep.io\/pl\/wp-json\/wp\/v2\/pages"}],"about":[{"href":"https:\/\/sharep.io\/pl\/wp-json\/wp\/v2\/types\/page"}],"author":[{"embeddable":true,"href":"https:\/\/sharep.io\/pl\/wp-json\/wp\/v2\/users\/1"}],"replies":[{"embeddable":true,"href":"https:\/\/sharep.io\/pl\/wp-json\/wp\/v2\/comments?post=402"}],"version-history":[{"count":63,"href":"https:\/\/sharep.io\/pl\/wp-json\/wp\/v2\/pages\/402\/revisions"}],"predecessor-version":[{"id":1907,"href":"https:\/\/sharep.io\/pl\/wp-json\/wp\/v2\/pages\/402\/revisions\/1907"}],"wp:attachment":[{"href":"https:\/\/sharep.io\/pl\/wp-json\/wp\/v2\/media?parent=402"}],"curies":[{"name":"wp","href":"https:\/\/api.w.org\/{rel}","templated":true}]}}